{"id":77,"date":"2019-02-13T12:18:06","date_gmt":"2019-02-13T11:18:06","guid":{"rendered":"http:\/\/nowa.itbvega.pl\/es\/?page_id=77"},"modified":"2019-02-25T12:21:16","modified_gmt":"2019-02-25T11:21:16","slug":"strona-glowna","status":"publish","type":"page","link":"http:\/\/www.hiszpania.itbvega.pl\/es\/","title":{"rendered":"Strona g\u0142\u00f3wna"},"content":{"rendered":"<p>[et_pb_section fb_built=\u00bb1&#8243; _builder_version=\u00bb3.19.15&#8243; custom_margin=\u00bb||0px\u00bb custom_padding=\u00bb||0px\u00bb locked=\u00bboff\u00bb][et_pb_row use_custom_gutter=\u00bbon\u00bb gutter_width=\u00bb2&#8243; custom_padding=\u00bb||0px\u00bb custom_margin=\u00bb||0px\u00bb _builder_version=\u00bb3.19.15&#8243;][et_pb_column type=\u00bb1_3&#8243; _builder_version=\u00bb3.19.15&#8243;][et_pb_text _builder_version=\u00bb3.19.16&#8243; animation_style=\u00bbfade\u00bb]<\/p>\n<p>Estoy inscrito en la lista polaca de traductores jurados del Ministerio de Justicia de Polonia con el n\u00famero TP\/3564\/05 y en la lista espa\u00f1ola de traductores jurados del Ministerio de Asuntos Exteriores y de Cooperaci\u00f3n con el n\u00famero 11036. Mis idiomas de trabajo son el espa\u00f1ol y el polaco.<\/p>\n<p>Realizo todo tipo de traducciones de textos jur\u00eddicos, econ\u00f3micos, marketing, publicitarios, tur\u00edsticos, comerciales, financieros, etc.<\/p>\n<p>[\/et_pb_text][\/et_pb_column][et_pb_column type=\u00bb1_3&#8243; _builder_version=\u00bb3.19.15&#8243;][et_pb_text _builder_version=\u00bb3.19.16&#8243; animation_style=\u00bbfade\u00bb]<\/p>\n<div class=\"et_pb_row et_pb_row_0\">\n<div class=\"et_pb_column et_pb_column_4_4 et_pb_column_0    et_pb_css_mix_blend_mode_passthrough et-last-child\">\n<div class=\"et_pb_module et_pb_text et_pb_text_0 et_pb_bg_layout_light  et_pb_text_align_left et_had_animation\">\n<div class=\"et_pb_text_inner\">\n<p><span lang=\"es-ES\">TRADUCCI\u00d3N ESCRITA:<br \/><\/span>&#8211; Agencia tributaria: Declaraci\u00f3n de la renta, etc.;<br \/>&#8211; Registro Civil: certificados de nacimiento, matrimonios, certificados necesarios para contraer     matrimonio, difunci\u00f3n y otros;<br \/>&#8211; Tribunales: juicios, decisiones, resoluciones;<br \/>&#8211; Actos notariales: escrituras notariales, diversos tipos de contratos, poderes, etc.<br \/>&#8211; Documentos necesarios para la matriculaci\u00f3n de vehiculos: factura compraventa etc;<br \/>&#8211; Oficina de empleo: certificado de trabajo, etc;<br \/>&#8211; Certificados escolares, bachillerato, estudios superiores y otros certificados;<br \/>&#8211; Correspondencia, ofertas comerciales, sitios web, textos privados, etc.<\/p>\n<\/div>\n<\/div>\n<\/div>\n<\/div>\n<p>[\/et_pb_text][\/et_pb_column][et_pb_column type=\u00bb1_3&#8243; _builder_version=\u00bb3.19.15&#8243;][et_pb_text _builder_version=\u00bb3.19.17&#8243; animation_style=\u00bbfade\u00bb]<\/p>\n<p>Los servicios que ofrezco:<\/p>\n<p>Traducciones escritas ordinarias del espa\u00f1ol al polaco, traducciones escritas ordinarias del polaco al espa\u00f1ol, traducciones escritas especializadas del polaco al espa\u00f1ol y viceversa, traducciones juradas del espa\u00f1ol al polaco, traducciones juradas del polaco al espa\u00f1ol, interpretaci\u00f3n jurada del polaco al espa\u00f1ol y espa\u00f1ol al polaco.<\/p>\n<p>[\/et_pb_text][\/et_pb_column][\/et_pb_row][\/et_pb_section]<\/p>\n","protected":false},"excerpt":{"rendered":"<p>Estoy inscrito en la lista polaca de traductores&#8230;<\/p>\n","protected":false},"author":1,"featured_media":0,"parent":0,"menu_order":0,"comment_status":"closed","ping_status":"closed","template":"page-start.php","meta":{"_et_pb_use_builder":"on","_et_pb_old_content":"","_et_gb_content_width":"","footnotes":""},"class_list":["post-77","page","type-page","status-publish","hentry"],"yoast_head":"<!-- This site is optimized with the Yoast SEO plugin v27.3 - https:\/\/yoast.com\/product\/yoast-seo-wordpress\/ -->\n<title>Traductor int\u00e9rprete jurado de polaco<\/title>\n<meta name=\"robots\" content=\"index, follow, max-snippet:-1, max-image-preview:large, max-video-preview:-1\" \/>\n<link rel=\"canonical\" href=\"http:\/\/www.hiszpania.itbvega.pl\/es\/\" \/>\n<meta property=\"og:locale\" content=\"es_ES\" \/>\n<meta property=\"og:type\" content=\"article\" \/>\n<meta property=\"og:title\" content=\"Traductor int\u00e9rprete jurado de polaco\" \/>\n<meta property=\"og:description\" content=\"Estoy inscrito en la lista polaca de traductores...\" \/>\n<meta property=\"og:url\" content=\"http:\/\/www.hiszpania.itbvega.pl\/es\/\" \/>\n<meta property=\"og:site_name\" content=\"Traductor int\u00e9rprete jurado de polaco\" \/>\n<meta property=\"article:modified_time\" content=\"2019-02-25T11:21:16+00:00\" \/>\n<meta name=\"twitter:card\" content=\"summary_large_image\" \/>\n<meta name=\"twitter:label1\" content=\"Tiempo de lectura\" \/>\n\t<meta name=\"twitter:data1\" content=\"2 minutos\" \/>\n<script type=\"application\/ld+json\" class=\"yoast-schema-graph\">{\"@context\":\"https:\\\/\\\/schema.org\",\"@graph\":[{\"@type\":\"WebPage\",\"@id\":\"http:\\\/\\\/www.hiszpania.itbvega.pl\\\/es\\\/\",\"url\":\"http:\\\/\\\/www.hiszpania.itbvega.pl\\\/es\\\/\",\"name\":\"Traductor int\u00e9rprete jurado de polaco\",\"isPartOf\":{\"@id\":\"http:\\\/\\\/www.hiszpania.itbvega.pl\\\/es\\\/#website\"},\"datePublished\":\"2019-02-13T11:18:06+00:00\",\"dateModified\":\"2019-02-25T11:21:16+00:00\",\"breadcrumb\":{\"@id\":\"http:\\\/\\\/www.hiszpania.itbvega.pl\\\/es\\\/#breadcrumb\"},\"inLanguage\":\"es\",\"potentialAction\":[{\"@type\":\"ReadAction\",\"target\":[\"http:\\\/\\\/www.hiszpania.itbvega.pl\\\/es\\\/\"]}]},{\"@type\":\"BreadcrumbList\",\"@id\":\"http:\\\/\\\/www.hiszpania.itbvega.pl\\\/es\\\/#breadcrumb\",\"itemListElement\":[{\"@type\":\"ListItem\",\"position\":1,\"name\":\"Strona g\u0142\u00f3wna\",\"item\":\"http:\\\/\\\/www.hiszpania.itbvega.pl\\\/es\\\/\"},{\"@type\":\"ListItem\",\"position\":2,\"name\":\"Strona g\u0142\u00f3wna\"}]},{\"@type\":\"WebSite\",\"@id\":\"http:\\\/\\\/www.hiszpania.itbvega.pl\\\/es\\\/#website\",\"url\":\"http:\\\/\\\/www.hiszpania.itbvega.pl\\\/es\\\/\",\"name\":\"Traductor int\u00e9rprete jurado de polaco\",\"description\":\"\",\"potentialAction\":[{\"@type\":\"SearchAction\",\"target\":{\"@type\":\"EntryPoint\",\"urlTemplate\":\"http:\\\/\\\/www.hiszpania.itbvega.pl\\\/es\\\/?s={search_term_string}\"},\"query-input\":{\"@type\":\"PropertyValueSpecification\",\"valueRequired\":true,\"valueName\":\"search_term_string\"}}],\"inLanguage\":\"es\"}]}<\/script>\n<!-- \/ Yoast SEO plugin. -->","yoast_head_json":{"title":"Traductor int\u00e9rprete jurado de polaco","robots":{"index":"index","follow":"follow","max-snippet":"max-snippet:-1","max-image-preview":"max-image-preview:large","max-video-preview":"max-video-preview:-1"},"canonical":"http:\/\/www.hiszpania.itbvega.pl\/es\/","og_locale":"es_ES","og_type":"article","og_title":"Traductor int\u00e9rprete jurado de polaco","og_description":"Estoy inscrito en la lista polaca de traductores...","og_url":"http:\/\/www.hiszpania.itbvega.pl\/es\/","og_site_name":"Traductor int\u00e9rprete jurado de polaco","article_modified_time":"2019-02-25T11:21:16+00:00","twitter_card":"summary_large_image","twitter_misc":{"Tiempo de lectura":"2 minutos"},"schema":{"@context":"https:\/\/schema.org","@graph":[{"@type":"WebPage","@id":"http:\/\/www.hiszpania.itbvega.pl\/es\/","url":"http:\/\/www.hiszpania.itbvega.pl\/es\/","name":"Traductor int\u00e9rprete jurado de polaco","isPartOf":{"@id":"http:\/\/www.hiszpania.itbvega.pl\/es\/#website"},"datePublished":"2019-02-13T11:18:06+00:00","dateModified":"2019-02-25T11:21:16+00:00","breadcrumb":{"@id":"http:\/\/www.hiszpania.itbvega.pl\/es\/#breadcrumb"},"inLanguage":"es","potentialAction":[{"@type":"ReadAction","target":["http:\/\/www.hiszpania.itbvega.pl\/es\/"]}]},{"@type":"BreadcrumbList","@id":"http:\/\/www.hiszpania.itbvega.pl\/es\/#breadcrumb","itemListElement":[{"@type":"ListItem","position":1,"name":"Strona g\u0142\u00f3wna","item":"http:\/\/www.hiszpania.itbvega.pl\/es\/"},{"@type":"ListItem","position":2,"name":"Strona g\u0142\u00f3wna"}]},{"@type":"WebSite","@id":"http:\/\/www.hiszpania.itbvega.pl\/es\/#website","url":"http:\/\/www.hiszpania.itbvega.pl\/es\/","name":"Traductor int\u00e9rprete jurado de polaco","description":"","potentialAction":[{"@type":"SearchAction","target":{"@type":"EntryPoint","urlTemplate":"http:\/\/www.hiszpania.itbvega.pl\/es\/?s={search_term_string}"},"query-input":{"@type":"PropertyValueSpecification","valueRequired":true,"valueName":"search_term_string"}}],"inLanguage":"es"}]}},"_links":{"self":[{"href":"http:\/\/www.hiszpania.itbvega.pl\/es\/wp-json\/wp\/v2\/pages\/77","targetHints":{"allow":["GET"]}}],"collection":[{"href":"http:\/\/www.hiszpania.itbvega.pl\/es\/wp-json\/wp\/v2\/pages"}],"about":[{"href":"http:\/\/www.hiszpania.itbvega.pl\/es\/wp-json\/wp\/v2\/types\/page"}],"author":[{"embeddable":true,"href":"http:\/\/www.hiszpania.itbvega.pl\/es\/wp-json\/wp\/v2\/users\/1"}],"replies":[{"embeddable":true,"href":"http:\/\/www.hiszpania.itbvega.pl\/es\/wp-json\/wp\/v2\/comments?post=77"}],"version-history":[{"count":1,"href":"http:\/\/www.hiszpania.itbvega.pl\/es\/wp-json\/wp\/v2\/pages\/77\/revisions"}],"predecessor-version":[{"id":289,"href":"http:\/\/www.hiszpania.itbvega.pl\/es\/wp-json\/wp\/v2\/pages\/77\/revisions\/289"}],"wp:attachment":[{"href":"http:\/\/www.hiszpania.itbvega.pl\/es\/wp-json\/wp\/v2\/media?parent=77"}],"curies":[{"name":"wp","href":"https:\/\/api.w.org\/{rel}","templated":true}]}}