{"id":7,"date":"2019-02-11T19:04:25","date_gmt":"2019-02-11T18:04:25","guid":{"rendered":"http:\/\/nowa.itbvega.pl\/es\/?page_id=7"},"modified":"2019-02-25T16:49:10","modified_gmt":"2019-02-25T15:49:10","slug":"quien-soy","status":"publish","type":"page","link":"http:\/\/www.hiszpania.itbvega.pl\/es\/quien-soy\/","title":{"rendered":"\u00bfQui\u00e9n soy?"},"content":{"rendered":"<p>[et_pb_section fb_built=\u00bb1&#8243; _builder_version=\u00bb3.19.13&#8243;][et_pb_row _builder_version=\u00bb3.19.13&#8243;][et_pb_column type=\u00bb1_2&#8243; _builder_version=\u00bb3.19.13&#8243;][et_pb_text _builder_version=\u00bb3.19.17&#8243; animation_style=\u00bbfade\u00bb]<\/p>\n<p style=\"text-align: justify;\">Mi nombre es Hector Castillo y trabajo como traductor e int\u00e9rprete jurado de la lengua polaca desde 2004. Estoy inscrito en la lista polaca de traductores jurados del Ministerio de Justicia de Polonia con el n\u00famero TP\/3564\/05 y en la lista espa\u00f1ola de traductores jurados del Ministerio de Asuntos Exteriores, Uni\u00f3n Europea y Cooperaci\u00f3n con el n\u00famero 11036. Mis idiomas de trabajo son el espa\u00f1ol y el polaco.<\/p>\n<p>[\/et_pb_text][\/et_pb_column][et_pb_column type=\u00bb1_2&#8243; _builder_version=\u00bb3.19.13&#8243;][et_pb_text _builder_version=\u00bb3.19.15&#8243; animation_style=\u00bbfade\u00bb]<\/p>\n<p style=\"text-align: justify;\">A lo largo de estos a\u00f1os he logrado acumular una buena experiencia como traductor jurado trabajando para los tribunales regionales y locales ubicados en las ciudades polacas de Bydgoszcz, Toru\u0144 y Wloclawek, as\u00ed como para entidades comerciales, notarias, oficinas de abogados, procuradores, fiscal\u00edas provinciales, registro civil y personas f\u00edsicas residentes en toda Polonia y en el extranjero.<\/p>\n<p>[\/et_pb_text][\/et_pb_column][\/et_pb_row][et_pb_row custom_margin=\u00bb38px||\u00bb _builder_version=\u00bb3.19.15&#8243;][et_pb_column type=\u00bb1_4&#8243; _builder_version=\u00bb3.19.15&#8243;][\/et_pb_column][et_pb_column type=\u00bb1_2&#8243; _builder_version=\u00bb3.19.15&#8243;][et_pb_text _builder_version=\u00bb3.19.15&#8243; animation_style=\u00bbfade\u00bb]<\/p>\n<p style=\"text-align: justify;\">Otra ventaja adicional de mis servicios es que los trabajos se hacen a cortos plazos y a precios competitivos. Cuento con colaboradores de otras lenguas para proyectos espec\u00edficos. No dude en ponerse en contacto conmigo para cualquier duda.<\/p>\n<p>[\/et_pb_text][\/et_pb_column][et_pb_column type=\u00bb1_4&#8243; _builder_version=\u00bb3.19.15&#8243;][\/et_pb_column][\/et_pb_row][\/et_pb_section]<\/p>\n","protected":false},"excerpt":{"rendered":"<p>Mi nombre es Hector Castillo y trabajo como traductor&#8230;<\/p>\n","protected":false},"author":1,"featured_media":0,"parent":0,"menu_order":0,"comment_status":"closed","ping_status":"closed","template":"","meta":{"_et_pb_use_builder":"on","_et_pb_old_content":"","_et_gb_content_width":"","footnotes":""},"class_list":["post-7","page","type-page","status-publish","hentry"],"yoast_head":"<!-- This site is optimized with the Yoast SEO plugin v27.3 - https:\/\/yoast.com\/product\/yoast-seo-wordpress\/ -->\n<title>\u00bfQui\u00e9n soy? Traductor int\u00e9rprete jurado de polaco<\/title>\n<meta name=\"robots\" content=\"index, follow, max-snippet:-1, max-image-preview:large, max-video-preview:-1\" \/>\n<link rel=\"canonical\" href=\"http:\/\/www.hiszpania.itbvega.pl\/es\/quien-soy\/\" \/>\n<meta property=\"og:locale\" content=\"es_ES\" \/>\n<meta property=\"og:type\" content=\"article\" \/>\n<meta property=\"og:title\" content=\"\u00bfQui\u00e9n soy? Traductor int\u00e9rprete jurado de polaco\" \/>\n<meta property=\"og:description\" content=\"Mi nombre es Hector Castillo y trabajo como traductor...\" \/>\n<meta property=\"og:url\" content=\"http:\/\/www.hiszpania.itbvega.pl\/es\/quien-soy\/\" \/>\n<meta property=\"og:site_name\" content=\"Traductor int\u00e9rprete jurado de polaco\" \/>\n<meta property=\"article:modified_time\" content=\"2019-02-25T15:49:10+00:00\" \/>\n<meta name=\"twitter:card\" content=\"summary_large_image\" \/>\n<meta name=\"twitter:label1\" content=\"Tiempo de lectura\" \/>\n\t<meta name=\"twitter:data1\" content=\"1 minuto\" \/>\n<script type=\"application\/ld+json\" class=\"yoast-schema-graph\">{\"@context\":\"https:\\\/\\\/schema.org\",\"@graph\":[{\"@type\":\"WebPage\",\"@id\":\"http:\\\/\\\/www.hiszpania.itbvega.pl\\\/es\\\/quien-soy\\\/\",\"url\":\"http:\\\/\\\/www.hiszpania.itbvega.pl\\\/es\\\/quien-soy\\\/\",\"name\":\"\u00bfQui\u00e9n soy? Traductor int\u00e9rprete jurado de polaco\",\"isPartOf\":{\"@id\":\"http:\\\/\\\/www.hiszpania.itbvega.pl\\\/es\\\/#website\"},\"datePublished\":\"2019-02-11T18:04:25+00:00\",\"dateModified\":\"2019-02-25T15:49:10+00:00\",\"breadcrumb\":{\"@id\":\"http:\\\/\\\/www.hiszpania.itbvega.pl\\\/es\\\/quien-soy\\\/#breadcrumb\"},\"inLanguage\":\"es\",\"potentialAction\":[{\"@type\":\"ReadAction\",\"target\":[\"http:\\\/\\\/www.hiszpania.itbvega.pl\\\/es\\\/quien-soy\\\/\"]}]},{\"@type\":\"BreadcrumbList\",\"@id\":\"http:\\\/\\\/www.hiszpania.itbvega.pl\\\/es\\\/quien-soy\\\/#breadcrumb\",\"itemListElement\":[{\"@type\":\"ListItem\",\"position\":1,\"name\":\"Strona g\u0142\u00f3wna\",\"item\":\"http:\\\/\\\/www.hiszpania.itbvega.pl\\\/es\\\/\"},{\"@type\":\"ListItem\",\"position\":2,\"name\":\"\u00bfQui\u00e9n soy?\"}]},{\"@type\":\"WebSite\",\"@id\":\"http:\\\/\\\/www.hiszpania.itbvega.pl\\\/es\\\/#website\",\"url\":\"http:\\\/\\\/www.hiszpania.itbvega.pl\\\/es\\\/\",\"name\":\"Traductor int\u00e9rprete jurado de polaco\",\"description\":\"\",\"potentialAction\":[{\"@type\":\"SearchAction\",\"target\":{\"@type\":\"EntryPoint\",\"urlTemplate\":\"http:\\\/\\\/www.hiszpania.itbvega.pl\\\/es\\\/?s={search_term_string}\"},\"query-input\":{\"@type\":\"PropertyValueSpecification\",\"valueRequired\":true,\"valueName\":\"search_term_string\"}}],\"inLanguage\":\"es\"}]}<\/script>\n<!-- \/ Yoast SEO plugin. -->","yoast_head_json":{"title":"\u00bfQui\u00e9n soy? Traductor int\u00e9rprete jurado de polaco","robots":{"index":"index","follow":"follow","max-snippet":"max-snippet:-1","max-image-preview":"max-image-preview:large","max-video-preview":"max-video-preview:-1"},"canonical":"http:\/\/www.hiszpania.itbvega.pl\/es\/quien-soy\/","og_locale":"es_ES","og_type":"article","og_title":"\u00bfQui\u00e9n soy? Traductor int\u00e9rprete jurado de polaco","og_description":"Mi nombre es Hector Castillo y trabajo como traductor...","og_url":"http:\/\/www.hiszpania.itbvega.pl\/es\/quien-soy\/","og_site_name":"Traductor int\u00e9rprete jurado de polaco","article_modified_time":"2019-02-25T15:49:10+00:00","twitter_card":"summary_large_image","twitter_misc":{"Tiempo de lectura":"1 minuto"},"schema":{"@context":"https:\/\/schema.org","@graph":[{"@type":"WebPage","@id":"http:\/\/www.hiszpania.itbvega.pl\/es\/quien-soy\/","url":"http:\/\/www.hiszpania.itbvega.pl\/es\/quien-soy\/","name":"\u00bfQui\u00e9n soy? Traductor int\u00e9rprete jurado de polaco","isPartOf":{"@id":"http:\/\/www.hiszpania.itbvega.pl\/es\/#website"},"datePublished":"2019-02-11T18:04:25+00:00","dateModified":"2019-02-25T15:49:10+00:00","breadcrumb":{"@id":"http:\/\/www.hiszpania.itbvega.pl\/es\/quien-soy\/#breadcrumb"},"inLanguage":"es","potentialAction":[{"@type":"ReadAction","target":["http:\/\/www.hiszpania.itbvega.pl\/es\/quien-soy\/"]}]},{"@type":"BreadcrumbList","@id":"http:\/\/www.hiszpania.itbvega.pl\/es\/quien-soy\/#breadcrumb","itemListElement":[{"@type":"ListItem","position":1,"name":"Strona g\u0142\u00f3wna","item":"http:\/\/www.hiszpania.itbvega.pl\/es\/"},{"@type":"ListItem","position":2,"name":"\u00bfQui\u00e9n soy?"}]},{"@type":"WebSite","@id":"http:\/\/www.hiszpania.itbvega.pl\/es\/#website","url":"http:\/\/www.hiszpania.itbvega.pl\/es\/","name":"Traductor int\u00e9rprete jurado de polaco","description":"","potentialAction":[{"@type":"SearchAction","target":{"@type":"EntryPoint","urlTemplate":"http:\/\/www.hiszpania.itbvega.pl\/es\/?s={search_term_string}"},"query-input":{"@type":"PropertyValueSpecification","valueRequired":true,"valueName":"search_term_string"}}],"inLanguage":"es"}]}},"_links":{"self":[{"href":"http:\/\/www.hiszpania.itbvega.pl\/es\/wp-json\/wp\/v2\/pages\/7","targetHints":{"allow":["GET"]}}],"collection":[{"href":"http:\/\/www.hiszpania.itbvega.pl\/es\/wp-json\/wp\/v2\/pages"}],"about":[{"href":"http:\/\/www.hiszpania.itbvega.pl\/es\/wp-json\/wp\/v2\/types\/page"}],"author":[{"embeddable":true,"href":"http:\/\/www.hiszpania.itbvega.pl\/es\/wp-json\/wp\/v2\/users\/1"}],"replies":[{"embeddable":true,"href":"http:\/\/www.hiszpania.itbvega.pl\/es\/wp-json\/wp\/v2\/comments?post=7"}],"version-history":[{"count":1,"href":"http:\/\/www.hiszpania.itbvega.pl\/es\/wp-json\/wp\/v2\/pages\/7\/revisions"}],"predecessor-version":[{"id":292,"href":"http:\/\/www.hiszpania.itbvega.pl\/es\/wp-json\/wp\/v2\/pages\/7\/revisions\/292"}],"wp:attachment":[{"href":"http:\/\/www.hiszpania.itbvega.pl\/es\/wp-json\/wp\/v2\/media?parent=7"}],"curies":[{"name":"wp","href":"https:\/\/api.w.org\/{rel}","templated":true}]}}