{"id":24,"date":"2019-02-11T19:26:27","date_gmt":"2019-02-11T18:26:27","guid":{"rendered":"http:\/\/nowa.itbvega.pl\/es\/?page_id=24"},"modified":"2019-02-18T20:43:19","modified_gmt":"2019-02-18T19:43:19","slug":"tarifas","status":"publish","type":"page","link":"http:\/\/www.hiszpania.itbvega.pl\/es\/tarifas\/","title":{"rendered":"Tarifas"},"content":{"rendered":"<p>[et_pb_section fb_built=\u00bb1&#8243; _builder_version=\u00bb3.19.13&#8243; locked=\u00bboff\u00bb][et_pb_row _builder_version=\u00bb3.19.13&#8243;][et_pb_column type=\u00bb1_2&#8243; _builder_version=\u00bb3.19.13&#8243;][et_pb_text _builder_version=\u00bb3.19.15&#8243; animation_style=\u00bbfade\u00bb]<\/p>\n<p style=\"text-align: justify;\">Ofrezco un servicio de traducci\u00f3n e interpretaci\u00f3n de calidad a precio razonable. Me adapto a los m\u00e9todos de trabajo de cada cliente y aporto soluciones a la medida de sus necesidades. P\u00f3ngase en contacto y solicite un presupuesto sin compromiso. Al encargar sus proyectos de traducci\u00f3n obtendr\u00e1:<\/p>\n<ul>\n<li style=\"text-align: justify;\">Profesionalidad<\/li>\n<li style=\"text-align: justify;\">Calidad garantizada<\/li>\n<li style=\"text-align: justify;\">Asesoramiento ling\u00fc\u00edstico<\/li>\n<li style=\"text-align: justify;\">Trato personalizado<\/li>\n<li style=\"text-align: justify;\">Confidencialidad<\/li>\n<li style=\"text-align: justify;\">Especialista en su campo<\/li>\n<\/ul>\n<p>[\/et_pb_text][et_pb_blurb use_icon=\u00bbon\u00bb font_icon=\u00bb%%190%%\u00bb icon_color=\u00bb#df4c55&#8243; icon_placement=\u00bbleft\u00bb use_icon_font_size=\u00bbon\u00bb icon_font_size=\u00bb32px\u00bb _builder_version=\u00bb3.19.15&#8243; animation_style=\u00bbfade\u00bb locked=\u00bboff\u00bb url_new_window__hover=\u00bboff\u00bb url_new_window__hover_enabled=\u00bboff\u00bb icon_color__hover=\u00bb#7EBEC5&#8243; icon_color__hover_enabled=\u00bb#7EBEC5&#8243; use_circle__hover=\u00bboff\u00bb use_circle__hover_enabled=\u00bboff\u00bb use_circle_border__hover=\u00bboff\u00bb use_circle_border__hover_enabled=\u00bboff\u00bb icon_placement__hover=\u00bbtop\u00bb icon_placement__hover_enabled=\u00bbtop\u00bb use_icon_font_size__hover=\u00bboff\u00bb use_icon_font_size__hover_enabled=\u00bboff\u00bb background_layout__hover=\u00bblight\u00bb background_layout__hover_enabled=\u00bblight\u00bb animation_style__hover=\u00bbnone\u00bb animation_style__hover_enabled=\u00bbnone\u00bb use_background_color_gradient__hover=\u00bboff\u00bb use_background_color_gradient__hover_enabled=\u00bboff\u00bb background_color_gradient_start__hover=\u00bb#2b87da\u00bb background_color_gradient_start__hover_enabled=\u00bb#2b87da\u00bb background_color_gradient_end__hover=\u00bb#29c4a9&#8243; background_color_gradient_end__hover_enabled=\u00bb#29c4a9&#8243; background_color_gradient_type__hover=\u00bblinear\u00bb background_color_gradient_type__hover_enabled=\u00bblinear\u00bb background_color_gradient_direction__hover=\u00bb180deg\u00bb background_color_gradient_direction__hover_enabled=\u00bb180deg\u00bb background_color_gradient_direction_radial__hover=\u00bbcenter\u00bb background_color_gradient_direction_radial__hover_enabled=\u00bbcenter\u00bb background_color_gradient_start_position__hover=\u00bb0%\u00bb background_color_gradient_start_position__hover_enabled=\u00bb0%\u00bb background_color_gradient_end_position__hover=\u00bb100%\u00bb background_color_gradient_end_position__hover_enabled=\u00bb100%\u00bb background_color_gradient_overlays_image__hover=\u00bboff\u00bb background_color_gradient_overlays_image__hover_enabled=\u00bboff\u00bb parallax__hover=\u00bboff\u00bb parallax__hover_enabled=\u00bboff\u00bb parallax_method__hover=\u00bbon\u00bb parallax_method__hover_enabled=\u00bbon\u00bb background_size__hover=\u00bbcover\u00bb background_size__hover_enabled=\u00bbcover\u00bb background_position__hover=\u00bbcenter\u00bb background_position__hover_enabled=\u00bbcenter\u00bb background_repeat__hover=\u00bbno-repeat\u00bb background_repeat__hover_enabled=\u00bbno-repeat\u00bb background_blend__hover=\u00bbnormal\u00bb background_blend__hover_enabled=\u00bbnormal\u00bb allow_player_pause__hover=\u00bboff\u00bb allow_player_pause__hover_enabled=\u00bboff\u00bb background_video_pause_outside_viewport__hover=\u00bbon\u00bb background_video_pause_outside_viewport__hover_enabled=\u00bbon\u00bb circle_color__hover=\u00bb#7EBEC5&#8243; circle_color__hover_enabled=\u00bb#7EBEC5&#8243; circle_border_color__hover=\u00bb#7EBEC5&#8243; circle_border_color__hover_enabled=\u00bb#7EBEC5&#8243; header_level__hover=\u00bbh4&#8243; header_level__hover_enabled=\u00bbh4&#8243; header_letter_spacing__hover=\u00bb0px\u00bb header_letter_spacing__hover_enabled=\u00bb0px\u00bb header_text_shadow_style__hover=\u00bbnone\u00bb header_text_shadow_style__hover_enabled=\u00bbnone\u00bb header_text_shadow_color__hover=\u00bbrgba(0,0,0,0.4)\u00bb header_text_shadow_color__hover_enabled=\u00bbrgba(0,0,0,0.4)\u00bb body_letter_spacing__hover=\u00bb0px\u00bb body_letter_spacing__hover_enabled=\u00bb0px\u00bb body_text_shadow_style__hover=\u00bbnone\u00bb body_text_shadow_style__hover_enabled=\u00bbnone\u00bb body_text_shadow_color__hover=\u00bbrgba(0,0,0,0.4)\u00bb body_text_shadow_color__hover_enabled=\u00bbrgba(0,0,0,0.4)\u00bb border_radii__hover=\u00bbon||||\u00bb border_radii__hover_enabled=\u00bbon||||\u00bb border_radii_image__hover=\u00bbon||||\u00bb border_radii_image__hover_enabled=\u00bbon||||\u00bb box_shadow_style__hover=\u00bbnone\u00bb box_shadow_style__hover_enabled=\u00bbnone\u00bb box_shadow_color__hover=\u00bbrgba(0,0,0,0.3)\u00bb box_shadow_color__hover_enabled=\u00bbrgba(0,0,0,0.3)\u00bb box_shadow_style_image__hover=\u00bbnone\u00bb box_shadow_style_image__hover_enabled=\u00bbnone\u00bb text_orientation__hover=\u00bbleft\u00bb text_orientation__hover_enabled=\u00bbleft\u00bb max_width__hover=\u00bb100%\u00bb max_width__hover_enabled=\u00bb100%\u00bb filter_hue_rotate__hover=\u00bb0deg\u00bb filter_hue_rotate__hover_enabled=\u00bb0deg\u00bb filter_saturate__hover=\u00bb100%\u00bb filter_saturate__hover_enabled=\u00bb100%\u00bb filter_brightness__hover=\u00bb100%\u00bb filter_brightness__hover_enabled=\u00bb100%\u00bb filter_contrast__hover=\u00bb100%\u00bb filter_contrast__hover_enabled=\u00bb100%\u00bb filter_invert__hover=\u00bb0%\u00bb filter_invert__hover_enabled=\u00bb0%\u00bb filter_sepia__hover=\u00bb0%\u00bb filter_sepia__hover_enabled=\u00bb0%\u00bb filter_opacity__hover=\u00bb100%\u00bb filter_opacity__hover_enabled=\u00bb100%\u00bb filter_blur__hover=\u00bb0px\u00bb filter_blur__hover_enabled=\u00bb0px\u00bb mix_blend_mode__hover=\u00bbnormal\u00bb mix_blend_mode__hover_enabled=\u00bbnormal\u00bb child_filter_hue_rotate__hover=\u00bb0deg\u00bb child_filter_hue_rotate__hover_enabled=\u00bb0deg\u00bb child_filter_saturate__hover=\u00bb100%\u00bb child_filter_saturate__hover_enabled=\u00bb100%\u00bb child_filter_brightness__hover=\u00bb100%\u00bb child_filter_brightness__hover_enabled=\u00bb100%\u00bb child_filter_contrast__hover=\u00bb100%\u00bb child_filter_contrast__hover_enabled=\u00bb100%\u00bb child_filter_invert__hover=\u00bb0%\u00bb child_filter_invert__hover_enabled=\u00bb0%\u00bb child_filter_sepia__hover=\u00bb0%\u00bb child_filter_sepia__hover_enabled=\u00bb0%\u00bb child_filter_opacity__hover=\u00bb100%\u00bb child_filter_opacity__hover_enabled=\u00bb100%\u00bb child_filter_blur__hover=\u00bb0px\u00bb child_filter_blur__hover_enabled=\u00bb0px\u00bb child_mix_blend_mode__hover=\u00bbnormal\u00bb child_mix_blend_mode__hover_enabled=\u00bbnormal\u00bb animation_repeat__hover=\u00bbonce\u00bb animation_repeat__hover_enabled=\u00bbonce\u00bb animation_direction__hover=\u00bbcenter\u00bb animation_direction__hover_enabled=\u00bbcenter\u00bb animation_duration__hover=\u00bb1000ms\u00bb animation_duration__hover_enabled=\u00bb1000ms\u00bb animation_delay__hover=\u00bb0ms\u00bb animation_delay__hover_enabled=\u00bb0ms\u00bb animation_intensity_slide__hover=\u00bb50%\u00bb animation_intensity_slide__hover_enabled=\u00bb50%\u00bb animation_intensity_zoom__hover=\u00bb50%\u00bb animation_intensity_zoom__hover_enabled=\u00bb50%\u00bb animation_intensity_flip__hover=\u00bb50%\u00bb animation_intensity_flip__hover_enabled=\u00bb50%\u00bb animation_intensity_fold__hover=\u00bb50%\u00bb animation_intensity_fold__hover_enabled=\u00bb50%\u00bb animation_intensity_roll__hover=\u00bb50%\u00bb animation_intensity_roll__hover_enabled=\u00bb50%\u00bb animation_starting_opacity__hover=\u00bb0%\u00bb animation_starting_opacity__hover_enabled=\u00bb0%\u00bb animation_speed_curve__hover=\u00bbease-in-out\u00bb animation_speed_curve__hover_enabled=\u00bbease-in-out\u00bb animation__hover=\u00bbtop\u00bb animation__hover_enabled=\u00bbtop\u00bb text_shadow_style__hover=\u00bbnone\u00bb text_shadow_style__hover_enabled=\u00bbnone\u00bb text_shadow_color__hover=\u00bbrgba(0,0,0,0.4)\u00bb text_shadow_color__hover_enabled=\u00bbrgba(0,0,0,0.4)\u00bb hover_transition_duration__hover=\u00bb300ms\u00bb hover_transition_duration__hover_enabled=\u00bb300ms\u00bb hover_transition_delay__hover=\u00bb0ms\u00bb hover_transition_delay__hover_enabled=\u00bb0ms\u00bb hover_transition_speed_curve__hover=\u00bbease\u00bb hover_transition_speed_curve__hover_enabled=\u00bbease\u00bb]<\/p>\n<p><a href=\"mailto:hcastillo@wp.pl\">hcastillo@wp.pl<\/a>,\u00a0<a href=\"mailto:hcastillo@interia.pl\">hcastillo@interia.pl,<\/a>\u00a0<a href=\"mailto:hcastillo@tlen.pl\">hcastillo@tlen.pl<\/a><\/p>\n<p>[\/et_pb_blurb][et_pb_blurb use_icon=\u00bbon\u00bb font_icon=\u00bb%%190%%\u00bb icon_color=\u00bb#df4c55&#8243; icon_placement=\u00bbleft\u00bb use_icon_font_size=\u00bbon\u00bb icon_font_size=\u00bb32px\u00bb _builder_version=\u00bb3.19.15&#8243; animation_style=\u00bbfade\u00bb locked=\u00bboff\u00bb]<\/p>\n<p>WhatsApp <a href=\"tel:48601784214\">+48 601 78 42 14<\/a><\/p>\n<p>[\/et_pb_blurb][et_pb_blurb use_icon=\u00bbon\u00bb font_icon=\u00bb%%190%%\u00bb icon_color=\u00bb#df4c55&#8243; icon_placement=\u00bbleft\u00bb use_icon_font_size=\u00bbon\u00bb icon_font_size=\u00bb32px\u00bb _builder_version=\u00bb3.19.13&#8243; animation_style=\u00bbfade\u00bb locked=\u00bboff\u00bb]<\/p>\n<p><a href=\"https:\/\/www.facebook.com\/hector.castillo.traductor.jurado.polaco\" target=\"_blank\" rel=\"noopener\">facebook.com\/hector.castillo.traductor.jurado.polaco<\/a><\/p>\n<p>[\/et_pb_blurb][\/et_pb_column][et_pb_column type=\u00bb1_2&#8243; _builder_version=\u00bb3.19.13&#8243;][et_pb_text _builder_version=\u00bb3.19.15&#8243; animation_style=\u00bbfade\u00bb]<\/p>\n<p>Los precios var\u00edan en relaci\u00f3n al material a traducir (simples, temas de especialidad, jur\u00eddico, jurado):<\/p>\n<ul>\n<li>del espa\u00f1ol al polaco desde 0,10 euro palabra<\/li>\n<li>del polaco al espa\u00f1ol desde 0,10 euro palabra<\/li>\n<\/ul>\n<p>Para consultar tarifas de Traducci\u00f3n e Interpretaci\u00f3n, por favor solicite un\u00a0presupuesto completo gratuito y sin compromiso\u00a0a trav\u00e9s de la direcci\u00f3n indicada abajo:<\/p>\n<p>ul. R\u00f3\u017cana 1\/21<br \/>86-010 Koronowo, Polonia<\/p>\n<p>[\/et_pb_text][et_pb_blurb use_icon=\u00bbon\u00bb font_icon=\u00bb%%190%%\u00bb icon_color=\u00bb#df4c55&#8243; icon_placement=\u00bbleft\u00bb use_icon_font_size=\u00bbon\u00bb icon_font_size=\u00bb32px\u00bb _builder_version=\u00bb3.19.15&#8243; animation_style=\u00bbfade\u00bb locked=\u00bboff\u00bb]<\/p>\n<p>Tel. kom. <a href=\"tel:48601784214\">+48 601 78 42 14<\/a><\/p>\n<p>[\/et_pb_blurb][et_pb_blurb use_icon=\u00bbon\u00bb font_icon=\u00bb%%190%%\u00bb icon_color=\u00bb#df4c55&#8243; icon_placement=\u00bbleft\u00bb use_icon_font_size=\u00bbon\u00bb icon_font_size=\u00bb32px\u00bb _builder_version=\u00bb3.19.14&#8243; animation_style=\u00bbfade\u00bb locked=\u00bboff\u00bb]<\/p>\n<p>Skype: <a href=\"skype:nowahiszpania?call\">nowahiszpania<\/a><\/p>\n<p>[\/et_pb_blurb][\/et_pb_column][\/et_pb_row][\/et_pb_section]<\/p>\n","protected":false},"excerpt":{"rendered":"<p>Ofrezco un servicio de traducci\u00f3n e interpretaci\u00f3n de&#8230;<\/p>\n","protected":false},"author":1,"featured_media":0,"parent":0,"menu_order":0,"comment_status":"closed","ping_status":"closed","template":"","meta":{"_et_pb_use_builder":"on","_et_pb_old_content":"","_et_gb_content_width":"","footnotes":""},"class_list":["post-24","page","type-page","status-publish","hentry"],"yoast_head":"<!-- This site is optimized with the Yoast SEO plugin v27.3 - https:\/\/yoast.com\/product\/yoast-seo-wordpress\/ -->\n<title>Tarifas - Traductor int\u00e9rprete jurado de polaco<\/title>\n<meta name=\"robots\" content=\"index, follow, max-snippet:-1, max-image-preview:large, max-video-preview:-1\" \/>\n<link rel=\"canonical\" href=\"http:\/\/www.hiszpania.itbvega.pl\/es\/tarifas\/\" \/>\n<meta property=\"og:locale\" content=\"es_ES\" \/>\n<meta property=\"og:type\" content=\"article\" \/>\n<meta property=\"og:title\" content=\"Tarifas - Traductor int\u00e9rprete jurado de polaco\" \/>\n<meta property=\"og:description\" content=\"Ofrezco un servicio de traducci\u00f3n e interpretaci\u00f3n de...\" \/>\n<meta property=\"og:url\" content=\"http:\/\/www.hiszpania.itbvega.pl\/es\/tarifas\/\" \/>\n<meta property=\"og:site_name\" content=\"Traductor int\u00e9rprete jurado de polaco\" \/>\n<meta property=\"article:modified_time\" content=\"2019-02-18T19:43:19+00:00\" \/>\n<meta name=\"twitter:card\" content=\"summary_large_image\" \/>\n<meta name=\"twitter:label1\" content=\"Tiempo de lectura\" \/>\n\t<meta name=\"twitter:data1\" content=\"6 minutos\" \/>\n<script type=\"application\/ld+json\" class=\"yoast-schema-graph\">{\"@context\":\"https:\\\/\\\/schema.org\",\"@graph\":[{\"@type\":\"WebPage\",\"@id\":\"http:\\\/\\\/www.hiszpania.itbvega.pl\\\/es\\\/tarifas\\\/\",\"url\":\"http:\\\/\\\/www.hiszpania.itbvega.pl\\\/es\\\/tarifas\\\/\",\"name\":\"Tarifas - Traductor int\u00e9rprete jurado de polaco\",\"isPartOf\":{\"@id\":\"http:\\\/\\\/www.hiszpania.itbvega.pl\\\/es\\\/#website\"},\"datePublished\":\"2019-02-11T18:26:27+00:00\",\"dateModified\":\"2019-02-18T19:43:19+00:00\",\"breadcrumb\":{\"@id\":\"http:\\\/\\\/www.hiszpania.itbvega.pl\\\/es\\\/tarifas\\\/#breadcrumb\"},\"inLanguage\":\"es\",\"potentialAction\":[{\"@type\":\"ReadAction\",\"target\":[\"http:\\\/\\\/www.hiszpania.itbvega.pl\\\/es\\\/tarifas\\\/\"]}]},{\"@type\":\"BreadcrumbList\",\"@id\":\"http:\\\/\\\/www.hiszpania.itbvega.pl\\\/es\\\/tarifas\\\/#breadcrumb\",\"itemListElement\":[{\"@type\":\"ListItem\",\"position\":1,\"name\":\"Strona g\u0142\u00f3wna\",\"item\":\"http:\\\/\\\/www.hiszpania.itbvega.pl\\\/es\\\/\"},{\"@type\":\"ListItem\",\"position\":2,\"name\":\"Tarifas\"}]},{\"@type\":\"WebSite\",\"@id\":\"http:\\\/\\\/www.hiszpania.itbvega.pl\\\/es\\\/#website\",\"url\":\"http:\\\/\\\/www.hiszpania.itbvega.pl\\\/es\\\/\",\"name\":\"Traductor int\u00e9rprete jurado de polaco\",\"description\":\"\",\"potentialAction\":[{\"@type\":\"SearchAction\",\"target\":{\"@type\":\"EntryPoint\",\"urlTemplate\":\"http:\\\/\\\/www.hiszpania.itbvega.pl\\\/es\\\/?s={search_term_string}\"},\"query-input\":{\"@type\":\"PropertyValueSpecification\",\"valueRequired\":true,\"valueName\":\"search_term_string\"}}],\"inLanguage\":\"es\"}]}<\/script>\n<!-- \/ Yoast SEO plugin. -->","yoast_head_json":{"title":"Tarifas - Traductor int\u00e9rprete jurado de polaco","robots":{"index":"index","follow":"follow","max-snippet":"max-snippet:-1","max-image-preview":"max-image-preview:large","max-video-preview":"max-video-preview:-1"},"canonical":"http:\/\/www.hiszpania.itbvega.pl\/es\/tarifas\/","og_locale":"es_ES","og_type":"article","og_title":"Tarifas - Traductor int\u00e9rprete jurado de polaco","og_description":"Ofrezco un servicio de traducci\u00f3n e interpretaci\u00f3n de...","og_url":"http:\/\/www.hiszpania.itbvega.pl\/es\/tarifas\/","og_site_name":"Traductor int\u00e9rprete jurado de polaco","article_modified_time":"2019-02-18T19:43:19+00:00","twitter_card":"summary_large_image","twitter_misc":{"Tiempo de lectura":"6 minutos"},"schema":{"@context":"https:\/\/schema.org","@graph":[{"@type":"WebPage","@id":"http:\/\/www.hiszpania.itbvega.pl\/es\/tarifas\/","url":"http:\/\/www.hiszpania.itbvega.pl\/es\/tarifas\/","name":"Tarifas - Traductor int\u00e9rprete jurado de polaco","isPartOf":{"@id":"http:\/\/www.hiszpania.itbvega.pl\/es\/#website"},"datePublished":"2019-02-11T18:26:27+00:00","dateModified":"2019-02-18T19:43:19+00:00","breadcrumb":{"@id":"http:\/\/www.hiszpania.itbvega.pl\/es\/tarifas\/#breadcrumb"},"inLanguage":"es","potentialAction":[{"@type":"ReadAction","target":["http:\/\/www.hiszpania.itbvega.pl\/es\/tarifas\/"]}]},{"@type":"BreadcrumbList","@id":"http:\/\/www.hiszpania.itbvega.pl\/es\/tarifas\/#breadcrumb","itemListElement":[{"@type":"ListItem","position":1,"name":"Strona g\u0142\u00f3wna","item":"http:\/\/www.hiszpania.itbvega.pl\/es\/"},{"@type":"ListItem","position":2,"name":"Tarifas"}]},{"@type":"WebSite","@id":"http:\/\/www.hiszpania.itbvega.pl\/es\/#website","url":"http:\/\/www.hiszpania.itbvega.pl\/es\/","name":"Traductor int\u00e9rprete jurado de polaco","description":"","potentialAction":[{"@type":"SearchAction","target":{"@type":"EntryPoint","urlTemplate":"http:\/\/www.hiszpania.itbvega.pl\/es\/?s={search_term_string}"},"query-input":{"@type":"PropertyValueSpecification","valueRequired":true,"valueName":"search_term_string"}}],"inLanguage":"es"}]}},"_links":{"self":[{"href":"http:\/\/www.hiszpania.itbvega.pl\/es\/wp-json\/wp\/v2\/pages\/24","targetHints":{"allow":["GET"]}}],"collection":[{"href":"http:\/\/www.hiszpania.itbvega.pl\/es\/wp-json\/wp\/v2\/pages"}],"about":[{"href":"http:\/\/www.hiszpania.itbvega.pl\/es\/wp-json\/wp\/v2\/types\/page"}],"author":[{"embeddable":true,"href":"http:\/\/www.hiszpania.itbvega.pl\/es\/wp-json\/wp\/v2\/users\/1"}],"replies":[{"embeddable":true,"href":"http:\/\/www.hiszpania.itbvega.pl\/es\/wp-json\/wp\/v2\/comments?post=24"}],"version-history":[{"count":0,"href":"http:\/\/www.hiszpania.itbvega.pl\/es\/wp-json\/wp\/v2\/pages\/24\/revisions"}],"wp:attachment":[{"href":"http:\/\/www.hiszpania.itbvega.pl\/es\/wp-json\/wp\/v2\/media?parent=24"}],"curies":[{"name":"wp","href":"https:\/\/api.w.org\/{rel}","templated":true}]}}