{"id":19,"date":"2019-02-11T19:23:22","date_gmt":"2019-02-11T18:23:22","guid":{"rendered":"http:\/\/nowa.itbvega.pl\/es\/?page_id=19"},"modified":"2019-02-21T22:42:30","modified_gmt":"2019-02-21T21:42:30","slug":"servicios","status":"publish","type":"page","link":"http:\/\/www.hiszpania.itbvega.pl\/es\/servicios\/","title":{"rendered":"Servicios"},"content":{"rendered":"<p>[et_pb_section fb_built=\u00bb1&#8243; _builder_version=\u00bb3.19.13&#8243;][et_pb_row _builder_version=\u00bb3.19.15&#8243;][et_pb_column type=\u00bb4_4&#8243; _builder_version=\u00bb3.19.15&#8243;][et_pb_text _builder_version=\u00bb3.19.15&#8243; animation_style=\u00bbfade\u00bb]<\/p>\n<p style=\"text-align: justify;\">Realizo todo tipo de traducciones de textos jur\u00eddicos, econ\u00f3micos, marketing, publicitarios, tur\u00edsticos, comerciales, financieros, etc.<\/p>\n<h2 style=\"text-align: center;\"><span lang=\"es-ES\">TRADUCCI\u00d3N ESCRITA:<\/span><\/h2>\n<p>[\/et_pb_text][\/et_pb_column][\/et_pb_row][et_pb_row _builder_version=\u00bb3.19.13&#8243;][et_pb_column type=\u00bb1_2&#8243; _builder_version=\u00bb3.19.13&#8243;][et_pb_text _builder_version=\u00bb3.19.15&#8243; animation_style=\u00bbfade\u00bb]<\/p>\n<ul>\n<li style=\"text-align: justify;\">Agencia tributaria: Declaraci\u00f3n de la renta, etc.;<\/li>\n<li style=\"text-align: justify;\">Registro Civil: certificados de nacimiento, matrimonios, certificados necesarios para contraer\u00a0\u00a0 \u00a0 matrimonio, difunci\u00f3n y otros;<\/li>\n<li style=\"text-align: justify;\">Tribunales: juicios, decisiones, resoluciones;<\/li>\n<li style=\"text-align: justify;\">Actos notariales: escrituras notariales, diversos tipos de contratos, poderes, etc.<\/li>\n<\/ul>\n<p>[\/et_pb_text][\/et_pb_column][et_pb_column type=\u00bb1_2&#8243; _builder_version=\u00bb3.19.13&#8243;][et_pb_text _builder_version=\u00bb3.19.15&#8243; animation_style=\u00bbfade\u00bb]<\/p>\n<ul>\n<li>Documentos necesarios para la matriculaci\u00f3n de vehiculos: factura compraventa etc;<\/li>\n<li>Oficina de empleo: certificado de trabajo, etc;<\/li>\n<li>Certificados escolares, bachillerato, estudios superiores y otros certificados;<\/li>\n<li>Correspondencia, ofertas comerciales, sitios web, textos privados, etc.<\/li>\n<\/ul>\n<p>[\/et_pb_text][\/et_pb_column][\/et_pb_row][et_pb_row _builder_version=\u00bb3.19.13&#8243;][et_pb_column type=\u00bb1_2&#8243; _builder_version=\u00bb3.19.13&#8243;][et_pb_text _builder_version=\u00bb3.19.15&#8243; animation_style=\u00bbfade\u00bb]<\/p>\n<h2>Adem\u00e1s:<\/h2>\n<ul>\n<li>Traducciones de materiales audiovisuales.<\/li>\n<\/ul>\n<p>[\/et_pb_text][\/et_pb_column][et_pb_column type=\u00bb1_2&#8243; _builder_version=\u00bb3.19.13&#8243;][\/et_pb_column][\/et_pb_row][\/et_pb_section]<\/p>\n","protected":false},"excerpt":{"rendered":"<p>Realizo todo tipo de traducciones de textos&#8230;<\/p>\n","protected":false},"author":1,"featured_media":0,"parent":0,"menu_order":0,"comment_status":"closed","ping_status":"closed","template":"","meta":{"_et_pb_use_builder":"on","_et_pb_old_content":"","_et_gb_content_width":"","footnotes":""},"class_list":["post-19","page","type-page","status-publish","hentry"],"yoast_head":"<!-- This site is optimized with the Yoast SEO plugin v27.3 - https:\/\/yoast.com\/product\/yoast-seo-wordpress\/ -->\n<title>Servicios - Traductor int\u00e9rprete jurado de polaco<\/title>\n<meta name=\"robots\" content=\"index, follow, max-snippet:-1, max-image-preview:large, max-video-preview:-1\" \/>\n<link rel=\"canonical\" href=\"http:\/\/www.hiszpania.itbvega.pl\/es\/servicios\/\" \/>\n<meta property=\"og:locale\" content=\"es_ES\" \/>\n<meta property=\"og:type\" content=\"article\" \/>\n<meta property=\"og:title\" content=\"Servicios - Traductor int\u00e9rprete jurado de polaco\" \/>\n<meta property=\"og:description\" content=\"Realizo todo tipo de traducciones de textos...\" \/>\n<meta property=\"og:url\" content=\"http:\/\/www.hiszpania.itbvega.pl\/es\/servicios\/\" \/>\n<meta property=\"og:site_name\" content=\"Traductor int\u00e9rprete jurado de polaco\" \/>\n<meta property=\"article:modified_time\" content=\"2019-02-21T21:42:30+00:00\" \/>\n<meta name=\"twitter:card\" content=\"summary_large_image\" \/>\n<meta name=\"twitter:label1\" content=\"Tiempo de lectura\" \/>\n\t<meta name=\"twitter:data1\" content=\"1 minuto\" \/>\n<script type=\"application\/ld+json\" class=\"yoast-schema-graph\">{\"@context\":\"https:\\\/\\\/schema.org\",\"@graph\":[{\"@type\":\"WebPage\",\"@id\":\"http:\\\/\\\/www.hiszpania.itbvega.pl\\\/es\\\/servicios\\\/\",\"url\":\"http:\\\/\\\/www.hiszpania.itbvega.pl\\\/es\\\/servicios\\\/\",\"name\":\"Servicios - Traductor int\u00e9rprete jurado de polaco\",\"isPartOf\":{\"@id\":\"http:\\\/\\\/www.hiszpania.itbvega.pl\\\/es\\\/#website\"},\"datePublished\":\"2019-02-11T18:23:22+00:00\",\"dateModified\":\"2019-02-21T21:42:30+00:00\",\"breadcrumb\":{\"@id\":\"http:\\\/\\\/www.hiszpania.itbvega.pl\\\/es\\\/servicios\\\/#breadcrumb\"},\"inLanguage\":\"es\",\"potentialAction\":[{\"@type\":\"ReadAction\",\"target\":[\"http:\\\/\\\/www.hiszpania.itbvega.pl\\\/es\\\/servicios\\\/\"]}]},{\"@type\":\"BreadcrumbList\",\"@id\":\"http:\\\/\\\/www.hiszpania.itbvega.pl\\\/es\\\/servicios\\\/#breadcrumb\",\"itemListElement\":[{\"@type\":\"ListItem\",\"position\":1,\"name\":\"Strona g\u0142\u00f3wna\",\"item\":\"http:\\\/\\\/www.hiszpania.itbvega.pl\\\/es\\\/\"},{\"@type\":\"ListItem\",\"position\":2,\"name\":\"Servicios\"}]},{\"@type\":\"WebSite\",\"@id\":\"http:\\\/\\\/www.hiszpania.itbvega.pl\\\/es\\\/#website\",\"url\":\"http:\\\/\\\/www.hiszpania.itbvega.pl\\\/es\\\/\",\"name\":\"Traductor int\u00e9rprete jurado de polaco\",\"description\":\"\",\"potentialAction\":[{\"@type\":\"SearchAction\",\"target\":{\"@type\":\"EntryPoint\",\"urlTemplate\":\"http:\\\/\\\/www.hiszpania.itbvega.pl\\\/es\\\/?s={search_term_string}\"},\"query-input\":{\"@type\":\"PropertyValueSpecification\",\"valueRequired\":true,\"valueName\":\"search_term_string\"}}],\"inLanguage\":\"es\"}]}<\/script>\n<!-- \/ Yoast SEO plugin. -->","yoast_head_json":{"title":"Servicios - Traductor int\u00e9rprete jurado de polaco","robots":{"index":"index","follow":"follow","max-snippet":"max-snippet:-1","max-image-preview":"max-image-preview:large","max-video-preview":"max-video-preview:-1"},"canonical":"http:\/\/www.hiszpania.itbvega.pl\/es\/servicios\/","og_locale":"es_ES","og_type":"article","og_title":"Servicios - Traductor int\u00e9rprete jurado de polaco","og_description":"Realizo todo tipo de traducciones de textos...","og_url":"http:\/\/www.hiszpania.itbvega.pl\/es\/servicios\/","og_site_name":"Traductor int\u00e9rprete jurado de polaco","article_modified_time":"2019-02-21T21:42:30+00:00","twitter_card":"summary_large_image","twitter_misc":{"Tiempo de lectura":"1 minuto"},"schema":{"@context":"https:\/\/schema.org","@graph":[{"@type":"WebPage","@id":"http:\/\/www.hiszpania.itbvega.pl\/es\/servicios\/","url":"http:\/\/www.hiszpania.itbvega.pl\/es\/servicios\/","name":"Servicios - Traductor int\u00e9rprete jurado de polaco","isPartOf":{"@id":"http:\/\/www.hiszpania.itbvega.pl\/es\/#website"},"datePublished":"2019-02-11T18:23:22+00:00","dateModified":"2019-02-21T21:42:30+00:00","breadcrumb":{"@id":"http:\/\/www.hiszpania.itbvega.pl\/es\/servicios\/#breadcrumb"},"inLanguage":"es","potentialAction":[{"@type":"ReadAction","target":["http:\/\/www.hiszpania.itbvega.pl\/es\/servicios\/"]}]},{"@type":"BreadcrumbList","@id":"http:\/\/www.hiszpania.itbvega.pl\/es\/servicios\/#breadcrumb","itemListElement":[{"@type":"ListItem","position":1,"name":"Strona g\u0142\u00f3wna","item":"http:\/\/www.hiszpania.itbvega.pl\/es\/"},{"@type":"ListItem","position":2,"name":"Servicios"}]},{"@type":"WebSite","@id":"http:\/\/www.hiszpania.itbvega.pl\/es\/#website","url":"http:\/\/www.hiszpania.itbvega.pl\/es\/","name":"Traductor int\u00e9rprete jurado de polaco","description":"","potentialAction":[{"@type":"SearchAction","target":{"@type":"EntryPoint","urlTemplate":"http:\/\/www.hiszpania.itbvega.pl\/es\/?s={search_term_string}"},"query-input":{"@type":"PropertyValueSpecification","valueRequired":true,"valueName":"search_term_string"}}],"inLanguage":"es"}]}},"_links":{"self":[{"href":"http:\/\/www.hiszpania.itbvega.pl\/es\/wp-json\/wp\/v2\/pages\/19","targetHints":{"allow":["GET"]}}],"collection":[{"href":"http:\/\/www.hiszpania.itbvega.pl\/es\/wp-json\/wp\/v2\/pages"}],"about":[{"href":"http:\/\/www.hiszpania.itbvega.pl\/es\/wp-json\/wp\/v2\/types\/page"}],"author":[{"embeddable":true,"href":"http:\/\/www.hiszpania.itbvega.pl\/es\/wp-json\/wp\/v2\/users\/1"}],"replies":[{"embeddable":true,"href":"http:\/\/www.hiszpania.itbvega.pl\/es\/wp-json\/wp\/v2\/comments?post=19"}],"version-history":[{"count":0,"href":"http:\/\/www.hiszpania.itbvega.pl\/es\/wp-json\/wp\/v2\/pages\/19\/revisions"}],"wp:attachment":[{"href":"http:\/\/www.hiszpania.itbvega.pl\/es\/wp-json\/wp\/v2\/media?parent=19"}],"curies":[{"name":"wp","href":"https:\/\/api.w.org\/{rel}","templated":true}]}}